{"id":269,"date":"2021-11-23T14:31:57","date_gmt":"2021-11-23T14:31:57","guid":{"rendered":"https:\/\/latvijasfoto.lv\/direktoriju\/?post_type=product&#038;p=269"},"modified":"2025-04-12T12:40:27","modified_gmt":"2025-04-12T12:40:27","slug":"nikkor-z-28mm-f-2-8","status":"publish","type":"product","link":"https:\/\/latvijasfoto.lv\/direktoriju\/toode\/nikkor-z-28mm-f-2-8\/","title":{"rendered":"NIKKOR Z 28mm f\/2.8"},"content":{"rendered":"<p>Galveno b\u016btisko funkciju kopsavilkums: NIKKOR Z 28\u00a0mm f\/2.8<\/p>\n<p><strong>Gai\u0161a f\/2.8 plata le\u0146\u0137a l\u0113ca:<\/strong> 28\u00a0mm fok\u0101lais garums uz\u0146em platle\u0146\u0137a uz\u0146\u0113mumus, kuri ir bag\u0101ti ar kr\u0101s\u0101m un kontrastu.<\/p>\n<p><strong>\u013boti viegli p\u0101rvietojama:<\/strong> l\u0113ca ir aptuveni 43\u00a0mm gara un sver aptuveni 155\u00a0g. Pietiekami maza, lai to var\u0113tu ielikt kabat\u0101 kop\u0101 ar kameru.<\/p>\n<p><strong>Skaists fona miglojums: <\/strong>platais Z ietvars un fiks\u0113t\u0101 f\/2.8 noapa\u013cot\u0101 7 asme\u0146u apert\u016bra sniedz \u013coti m\u012bkstu un dabisku fona miglojumu.<\/p>\n<p><strong>Lielisks tuvpl\u0101ns: <\/strong>ar 0,19\u00a0m lielu minim\u0101lo fokusa distanci t\u0101 sniedz lietot\u0101jiem iesp\u0113ju ieg\u016bt asu fokusu no tuva att\u0101luma.<\/p>\n<p><strong>\u0100tra, \u013coti klusa: <\/strong>ar \u012bpa\u0161i klusu so\u013cu motoru, ko uzlabo papildu gaisma no Z ietvara, fokus\u0113\u0161an\u0101s ir \u0101tra, prec\u012bza un klusa.<\/p>\n<p><strong>Lieliska video uz\u0146em\u0161anai:<\/strong> Fokusa izmai\u0146u rad\u012btais miglojums ir iev\u0113rojami samazin\u0101ts, t\u0101d\u0113\u013c fokusu iesp\u0113jams main\u012bt neietekm\u0113jot fotouz\u0146\u0113muma skata le\u0146\u0137i.<\/p>\n<p><strong>42\u00a0mm <em>DX crop<\/em>: <\/strong>pied\u0101v\u0101 42\u00a0mm skata le\u0146\u0137i, kad to izmanto ar DX form\u0101ta <em>Nikon Z <\/em>fotokameru.<\/p>\n<p>Viegli kontrol\u0113jama: kluso kontroles gredzenu var iestat\u012bt, lai kontrol\u0113tu fokusu, apert\u016bru, ekspoz\u012bcijas kompens\u0113\u0161anu jeb ISO.<\/p>\n<p><strong>Labi aizsarg\u0101ta: <\/strong>nosl\u0113gta aizsardz\u012bbai pret putek\u013ciem un \u016bdens pilieniem.<\/p>\n","protected":false},"excerpt":{"rendered":"<p>Galveno b\u016btisko funkciju kopsavilkums: NIKKOR Z 28\u00a0mm f\/2.8 Gai\u0161a f\/2.8 plata le\u0146\u0137a l\u0113ca: 28\u00a0mm fok\u0101lais garums uz\u0146em platle\u0146\u0137a uz\u0146\u0113mumus, kuri ir bag\u0101ti ar kr\u0101s\u0101m un kontrastu. \u013boti viegli p\u0101rvietojama: l\u0113ca ir aptuveni 43\u00a0mm gara un sver aptuveni 155\u00a0g. Pietiekami maza, lai to var\u0113tu ielikt kabat\u0101 kop\u0101 ar kameru. Skaists fona miglojums: platais Z ietvars un [&hellip;]<\/p>\n","protected":false},"featured_media":270,"comment_status":"open","ping_status":"closed","template":"","meta":{"spay_email":""},"product_cat":[16],"product_tag":[62],"class_list":{"0":"post-269","1":"product","2":"type-product","3":"status-publish","4":"has-post-thumbnail","6":"product_cat-maaramata","7":"product_tag-ielas-ainam"},"yoast_head":"<!-- This site is optimized with the Yoast SEO Premium plugin v17.5 (Yoast SEO v17.6) - https:\/\/yoast.com\/wordpress\/plugins\/seo\/ -->\n<meta name=\"description\" content=\"T\u0101 ir gatava visam no ielas ain\u0101m l\u012bdz pat dabas ainav\u0101m un da\u017e\u0101diem portretiem. \u0160\u012b l\u0113ca ir lieliski piem\u0113rota ikdienas lieto\u0161anai.\" \/>\n<meta name=\"robots\" content=\"index, follow, max-snippet:-1, max-image-preview:large, max-video-preview:-1\" \/>\n<link rel=\"canonical\" href=\"https:\/\/latvijasfoto.lv\/direktoriju\/toode\/nikkor-z-28mm-f-2-8\/\" \/>\n<meta property=\"og:locale\" content=\"et_EE\" \/>\n<meta property=\"og:type\" content=\"article\" \/>\n<meta property=\"og:title\" content=\"NIKKOR Z 28mm f\/2.8\" \/>\n<meta property=\"og:description\" content=\"T\u0101 ir gatava visam no ielas ain\u0101m l\u012bdz pat dabas ainav\u0101m un da\u017e\u0101diem portretiem. \u0160\u012b l\u0113ca ir lieliski piem\u0113rota ikdienas lieto\u0161anai.\" \/>\n<meta property=\"og:url\" content=\"https:\/\/latvijasfoto.lv\/direktoriju\/toode\/nikkor-z-28mm-f-2-8\/\" \/>\n<meta property=\"og:site_name\" content=\"Latvijas Foto\" \/>\n<meta property=\"article:modified_time\" content=\"2025-04-12T12:40:27+00:00\" \/>\n<meta property=\"og:image\" content=\"https:\/\/latvijasfoto.lv\/direktoriju\/wp-content\/uploads\/2021\/11\/Nikon_Nikkon_Z_28mm_f2.8.jpg\" \/>\n\t<meta property=\"og:image:width\" content=\"830\" \/>\n\t<meta property=\"og:image:height\" content=\"830\" \/>\n<meta name=\"twitter:card\" content=\"summary_large_image\" \/>\n<meta name=\"twitter:label1\" content=\"Est. reading time\" \/>\n\t<meta name=\"twitter:data1\" content=\"1 minut\" \/>\n<script type=\"application\/ld+json\" class=\"yoast-schema-graph\">{\"@context\":\"https:\/\/schema.org\",\"@graph\":[{\"@type\":\"WebSite\",\"@id\":\"https:\/\/latvijasfoto.lv\/direktoriju\/#website\",\"url\":\"https:\/\/latvijasfoto.lv\/direktoriju\/\",\"name\":\"Latvijas Foto\",\"description\":\"Fotogr\\u0101fijas t\\u0113mas\",\"potentialAction\":[{\"@type\":\"SearchAction\",\"target\":{\"@type\":\"EntryPoint\",\"urlTemplate\":\"https:\/\/latvijasfoto.lv\/direktoriju\/?s={search_term_string}\"},\"query-input\":\"required name=search_term_string\"}],\"inLanguage\":\"et\"},{\"@type\":\"ImageObject\",\"@id\":\"https:\/\/latvijasfoto.lv\/direktoriju\/toode\/nikkor-z-28mm-f-2-8\/#primaryimage\",\"inLanguage\":\"et\",\"url\":\"https:\/\/latvijasfoto.lv\/direktoriju\/wp-content\/uploads\/2021\/11\/Nikon_Nikkon_Z_28mm_f2.8.jpg\",\"contentUrl\":\"https:\/\/latvijasfoto.lv\/direktoriju\/wp-content\/uploads\/2021\/11\/Nikon_Nikkon_Z_28mm_f2.8.jpg\",\"width\":830,\"height\":830,\"caption\":\"Nikon-Nikkon-Z-28mm-f2.8\"},{\"@type\":\"WebPage\",\"@id\":\"https:\/\/latvijasfoto.lv\/direktoriju\/toode\/nikkor-z-28mm-f-2-8\/#webpage\",\"url\":\"https:\/\/latvijasfoto.lv\/direktoriju\/toode\/nikkor-z-28mm-f-2-8\/\",\"name\":\"NIKKOR Z 28mm f\/2.8 - Latvijas Foto\",\"isPartOf\":{\"@id\":\"https:\/\/latvijasfoto.lv\/direktoriju\/#website\"},\"primaryImageOfPage\":{\"@id\":\"https:\/\/latvijasfoto.lv\/direktoriju\/toode\/nikkor-z-28mm-f-2-8\/#primaryimage\"},\"datePublished\":\"2021-11-23T14:31:57+00:00\",\"dateModified\":\"2025-04-12T12:40:27+00:00\",\"description\":\"T\\u0101 ir gatava visam no ielas ain\\u0101m l\\u012bdz pat dabas ainav\\u0101m un da\\u017e\\u0101diem portretiem. \\u0160\\u012b l\\u0113ca ir lieliski piem\\u0113rota ikdienas lieto\\u0161anai.\",\"breadcrumb\":{\"@id\":\"https:\/\/latvijasfoto.lv\/direktoriju\/toode\/nikkor-z-28mm-f-2-8\/#breadcrumb\"},\"inLanguage\":\"et\",\"potentialAction\":[{\"@type\":\"ReadAction\",\"target\":[\"https:\/\/latvijasfoto.lv\/direktoriju\/toode\/nikkor-z-28mm-f-2-8\/\"]}]},{\"@type\":\"BreadcrumbList\",\"@id\":\"https:\/\/latvijasfoto.lv\/direktoriju\/toode\/nikkor-z-28mm-f-2-8\/#breadcrumb\",\"itemListElement\":[{\"@type\":\"ListItem\",\"position\":1,\"name\":\"Home\",\"item\":\"https:\/\/latvijasfoto.lv\/direktoriju\/\"},{\"@type\":\"ListItem\",\"position\":2,\"name\":\"Pood\",\"item\":\"https:\/\/latvijasfoto.lv\/direktoriju\/pood\/\"},{\"@type\":\"ListItem\",\"position\":3,\"name\":\"NIKKOR Z 28mm f\/2.8\"}]}]}<\/script>\n<!-- \/ Yoast SEO Premium plugin. -->","yoast_head_json":{"description":"T\u0101 ir gatava visam no ielas ain\u0101m l\u012bdz pat dabas ainav\u0101m un da\u017e\u0101diem portretiem. \u0160\u012b l\u0113ca ir lieliski piem\u0113rota ikdienas lieto\u0161anai.","robots":{"index":"index","follow":"follow","max-snippet":"max-snippet:-1","max-image-preview":"max-image-preview:large","max-video-preview":"max-video-preview:-1"},"canonical":"https:\/\/latvijasfoto.lv\/direktoriju\/toode\/nikkor-z-28mm-f-2-8\/","og_locale":"et_EE","og_type":"article","og_title":"NIKKOR Z 28mm f\/2.8","og_description":"T\u0101 ir gatava visam no ielas ain\u0101m l\u012bdz pat dabas ainav\u0101m un da\u017e\u0101diem portretiem. \u0160\u012b l\u0113ca ir lieliski piem\u0113rota ikdienas lieto\u0161anai.","og_url":"https:\/\/latvijasfoto.lv\/direktoriju\/toode\/nikkor-z-28mm-f-2-8\/","og_site_name":"Latvijas Foto","article_modified_time":"2025-04-12T12:40:27+00:00","og_image":[{"width":830,"height":830,"url":"https:\/\/latvijasfoto.lv\/direktoriju\/wp-content\/uploads\/2021\/11\/Nikon_Nikkon_Z_28mm_f2.8.jpg","type":"image\/jpeg"}],"twitter_card":"summary_large_image","twitter_misc":{"Est. reading time":"1 minut"},"schema":{"@context":"https:\/\/schema.org","@graph":[{"@type":"WebSite","@id":"https:\/\/latvijasfoto.lv\/direktoriju\/#website","url":"https:\/\/latvijasfoto.lv\/direktoriju\/","name":"Latvijas Foto","description":"Fotogr\u0101fijas t\u0113mas","potentialAction":[{"@type":"SearchAction","target":{"@type":"EntryPoint","urlTemplate":"https:\/\/latvijasfoto.lv\/direktoriju\/?s={search_term_string}"},"query-input":"required name=search_term_string"}],"inLanguage":"et"},{"@type":"ImageObject","@id":"https:\/\/latvijasfoto.lv\/direktoriju\/toode\/nikkor-z-28mm-f-2-8\/#primaryimage","inLanguage":"et","url":"https:\/\/latvijasfoto.lv\/direktoriju\/wp-content\/uploads\/2021\/11\/Nikon_Nikkon_Z_28mm_f2.8.jpg","contentUrl":"https:\/\/latvijasfoto.lv\/direktoriju\/wp-content\/uploads\/2021\/11\/Nikon_Nikkon_Z_28mm_f2.8.jpg","width":830,"height":830,"caption":"Nikon-Nikkon-Z-28mm-f2.8"},{"@type":"WebPage","@id":"https:\/\/latvijasfoto.lv\/direktoriju\/toode\/nikkor-z-28mm-f-2-8\/#webpage","url":"https:\/\/latvijasfoto.lv\/direktoriju\/toode\/nikkor-z-28mm-f-2-8\/","name":"NIKKOR Z 28mm f\/2.8 - Latvijas Foto","isPartOf":{"@id":"https:\/\/latvijasfoto.lv\/direktoriju\/#website"},"primaryImageOfPage":{"@id":"https:\/\/latvijasfoto.lv\/direktoriju\/toode\/nikkor-z-28mm-f-2-8\/#primaryimage"},"datePublished":"2021-11-23T14:31:57+00:00","dateModified":"2025-04-12T12:40:27+00:00","description":"T\u0101 ir gatava visam no ielas ain\u0101m l\u012bdz pat dabas ainav\u0101m un da\u017e\u0101diem portretiem. \u0160\u012b l\u0113ca ir lieliski piem\u0113rota ikdienas lieto\u0161anai.","breadcrumb":{"@id":"https:\/\/latvijasfoto.lv\/direktoriju\/toode\/nikkor-z-28mm-f-2-8\/#breadcrumb"},"inLanguage":"et","potentialAction":[{"@type":"ReadAction","target":["https:\/\/latvijasfoto.lv\/direktoriju\/toode\/nikkor-z-28mm-f-2-8\/"]}]},{"@type":"BreadcrumbList","@id":"https:\/\/latvijasfoto.lv\/direktoriju\/toode\/nikkor-z-28mm-f-2-8\/#breadcrumb","itemListElement":[{"@type":"ListItem","position":1,"name":"Home","item":"https:\/\/latvijasfoto.lv\/direktoriju\/"},{"@type":"ListItem","position":2,"name":"Pood","item":"https:\/\/latvijasfoto.lv\/direktoriju\/pood\/"},{"@type":"ListItem","position":3,"name":"NIKKOR Z 28mm f\/2.8"}]}]}},"_links":{"self":[{"href":"https:\/\/latvijasfoto.lv\/direktoriju\/wp-json\/wp\/v2\/product\/269","targetHints":{"allow":["GET"]}}],"collection":[{"href":"https:\/\/latvijasfoto.lv\/direktoriju\/wp-json\/wp\/v2\/product"}],"about":[{"href":"https:\/\/latvijasfoto.lv\/direktoriju\/wp-json\/wp\/v2\/types\/product"}],"replies":[{"embeddable":true,"href":"https:\/\/latvijasfoto.lv\/direktoriju\/wp-json\/wp\/v2\/comments?post=269"}],"wp:featuredmedia":[{"embeddable":true,"href":"https:\/\/latvijasfoto.lv\/direktoriju\/wp-json\/wp\/v2\/media\/270"}],"wp:attachment":[{"href":"https:\/\/latvijasfoto.lv\/direktoriju\/wp-json\/wp\/v2\/media?parent=269"}],"wp:term":[{"taxonomy":"product_cat","embeddable":true,"href":"https:\/\/latvijasfoto.lv\/direktoriju\/wp-json\/wp\/v2\/product_cat?post=269"},{"taxonomy":"product_tag","embeddable":true,"href":"https:\/\/latvijasfoto.lv\/direktoriju\/wp-json\/wp\/v2\/product_tag?post=269"}],"curies":[{"name":"wp","href":"https:\/\/api.w.org\/{rel}","templated":true}]}}