{"id":259,"date":"2021-11-05T17:11:18","date_gmt":"2021-11-05T17:11:18","guid":{"rendered":"https:\/\/latvijasfoto.lv\/direktoriju\/?post_type=product&#038;p=259"},"modified":"2024-06-30T11:29:56","modified_gmt":"2024-06-30T11:29:56","slug":"nikkor-z-24-120-mm-f-4-s","status":"publish","type":"product","link":"https:\/\/latvijasfoto.lv\/direktoriju\/toode\/nikkor-z-24-120-mm-f-4-s\/","title":{"rendered":"NIKKOR Z 24\u2014120 mm f\/4 S"},"content":{"rendered":"<p>NIKKOR Z 24\u2014120 mm f\/4 S ir augstas veiktsp\u0113jas ce\u013cojumu objekt\u012bvs. Tas ir apr\u012bkots ar past\u0101v\u012bgu f\/4 maksim\u0101lo atv\u0113rumu un ir paredz\u0113ts kontrol\u0113tai, rado\u0161ai fotograf\u0113\u0161anai, kas sniedz satrieco\u0161as deta\u013cas. Tas nodro\u0161ina vienm\u0113r\u012bgu darb\u012bbu un daudzfunkcion\u0101lu fokus\u0113\u0161anas sist\u0113mu, kas garant\u0113 neticami \u0101tru un prec\u012bzu autom\u0101tisko fokus\u0113\u0161anu vis\u0101 t\u0101lummai\u0146as diapazon\u0101.<\/p>\n<p>NIKKOR Z 24\u2014120 mm f\/4 S \u2014 viens objekt\u012bvs, bezgal\u012bgas iesp\u0113jas<br \/>\n\u2022 Pla\u0161a un vid\u0113ja telefoto t\u0101lummai\u0146as diapazona objekt\u012bvs ar izcilu optiku<br \/>\n\u2022 Izcili att\u0113li pla\u0161\u0101 t\u0101lummai\u0146as diapazon\u0101<br \/>\n\u2022 Past\u0101v\u012bgs f\/4 apert\u016bras atv\u0113rums, kas nodro\u0161ina daudzpus\u012bbu un kust\u012bbu br\u012bv\u012bbu fotogr\u0101fam<br \/>\n\u2022 Konsekventa t\u0101lummai\u0146a video un fotoatt\u0113los<br \/>\n\u2022 \u012ass minim\u0101lais fokus\u0113\u0161anas att\u0101lums un 0,39 maksim\u0101lais reproduc\u0113\u0161anas koeficients<br \/>\n\u2022 Elast\u012bgs 24\u2014120 mm fokusa att\u0101luma diapazons<br \/>\n\u2022 Lieliska video veiktsp\u0113ja ar nelielu fokusa kust\u012bbu vai bez t\u0101s<br \/>\n\u2022 Piel\u0101gojamas vad\u012bbas ier\u012bces ar \u012bpa\u0161u funkciju pogu un vad\u012bbas gredzenu, lai pie\u0161\u0137irtu da\u017e\u0101das funkcijas atbilsto\u0161i lietot\u0101ja v\u0113lm\u0113m<br \/>\n\u2022 Bez gr\u016bt\u012bb\u0101m p\u0101rn\u0113s\u0101jams viegls un kompakts korpuss<br \/>\n\u2022 Daudzfunkcion\u0101la fokus\u0113\u0161anas sist\u0113ma, kas izmanto divus AF piedzi\u0146as blokus, lai nodro\u0161in\u0101tu \u0101tru un prec\u012bzu autom\u0101tisko fokus\u0113\u0161anu<br \/>\n\u2022 ARNEO un nanokrist\u0101lu p\u0101rkl\u0101jums nepie\u013cauj miglo\u0161anos un atsp\u012bdumu veido\u0161anos<br \/>\n\u2022 Nodro\u0161in\u0101ta aizsardz\u012bba pret putek\u013ciem un pilieniem ar Nikon fluora p\u0101rkl\u0101jumu, kas atgr\u016b\u017e net\u012brumus<\/p>\n","protected":false},"excerpt":{"rendered":"<p>NIKKOR Z 24\u2014120 mm f\/4 S ir augstas veiktsp\u0113jas ce\u013cojumu objekt\u012bvs. Tas ir apr\u012bkots ar past\u0101v\u012bgu f\/4 maksim\u0101lo atv\u0113rumu un ir paredz\u0113ts kontrol\u0113tai, rado\u0161ai fotograf\u0113\u0161anai, kas sniedz satrieco\u0161as deta\u013cas. Tas nodro\u0161ina vienm\u0113r\u012bgu darb\u012bbu un daudzfunkcion\u0101lu fokus\u0113\u0161anas sist\u0113mu, kas garant\u0113 neticami \u0101tru un prec\u012bzu autom\u0101tisko fokus\u0113\u0161anu vis\u0101 t\u0101lummai\u0146as diapazon\u0101. NIKKOR Z 24\u2014120 mm f\/4 S \u2014 [&hellip;]<\/p>\n","protected":false},"featured_media":256,"comment_status":"open","ping_status":"closed","template":"","meta":{"spay_email":""},"product_cat":[58],"product_tag":[59],"class_list":{"0":"post-259","1":"product","2":"type-product","3":"status-publish","4":"has-post-thumbnail","6":"product_cat-objektivs","7":"product_tag-objektivs"},"yoast_head":"<!-- This site is optimized with the Yoast SEO Premium plugin v17.5 (Yoast SEO v17.6) - https:\/\/yoast.com\/wordpress\/plugins\/seo\/ -->\n<meta name=\"description\" content=\"Tas ir apr\u012bkots ar past\u0101v\u012bgu f\/4 maksim\u0101lo atv\u0113rumu un ir paredz\u0113ts kontrol\u0113tai, rado\u0161ai fotograf\u0113\u0161anai, kas sniedz satrieco\u0161as deta\u013cas.\" \/>\n<meta name=\"robots\" content=\"index, follow, max-snippet:-1, max-image-preview:large, max-video-preview:-1\" \/>\n<link rel=\"canonical\" href=\"https:\/\/latvijasfoto.lv\/direktoriju\/toode\/nikkor-z-24-120-mm-f-4-s\/\" \/>\n<meta property=\"og:locale\" content=\"et_EE\" \/>\n<meta property=\"og:type\" content=\"article\" \/>\n<meta property=\"og:title\" content=\"NIKKOR Z 24\u2014120 mm f\/4 S\" \/>\n<meta property=\"og:description\" content=\"Tas ir apr\u012bkots ar past\u0101v\u012bgu f\/4 maksim\u0101lo atv\u0113rumu un ir paredz\u0113ts kontrol\u0113tai, rado\u0161ai fotograf\u0113\u0161anai, kas sniedz satrieco\u0161as deta\u013cas.\" \/>\n<meta property=\"og:url\" content=\"https:\/\/latvijasfoto.lv\/direktoriju\/toode\/nikkor-z-24-120-mm-f-4-s\/\" \/>\n<meta property=\"og:site_name\" content=\"Latvijas Foto\" \/>\n<meta property=\"article:modified_time\" content=\"2024-06-30T11:29:56+00:00\" \/>\n<meta property=\"og:image\" content=\"https:\/\/latvijasfoto.lv\/direktoriju\/wp-content\/uploads\/2021\/11\/Nikon_Z_24-120_F4.jpg\" \/>\n\t<meta property=\"og:image:width\" content=\"600\" \/>\n\t<meta property=\"og:image:height\" content=\"397\" \/>\n<meta name=\"twitter:card\" content=\"summary_large_image\" \/>\n<meta name=\"twitter:label1\" content=\"Est. reading time\" \/>\n\t<meta name=\"twitter:data1\" content=\"1 minut\" \/>\n<script type=\"application\/ld+json\" class=\"yoast-schema-graph\">{\"@context\":\"https:\/\/schema.org\",\"@graph\":[{\"@type\":\"WebSite\",\"@id\":\"https:\/\/latvijasfoto.lv\/direktoriju\/#website\",\"url\":\"https:\/\/latvijasfoto.lv\/direktoriju\/\",\"name\":\"Latvijas Foto\",\"description\":\"Fotogr\\u0101fijas t\\u0113mas\",\"potentialAction\":[{\"@type\":\"SearchAction\",\"target\":{\"@type\":\"EntryPoint\",\"urlTemplate\":\"https:\/\/latvijasfoto.lv\/direktoriju\/?s={search_term_string}\"},\"query-input\":\"required name=search_term_string\"}],\"inLanguage\":\"et\"},{\"@type\":\"ImageObject\",\"@id\":\"https:\/\/latvijasfoto.lv\/direktoriju\/toode\/nikkor-z-24-120-mm-f-4-s\/#primaryimage\",\"inLanguage\":\"et\",\"url\":\"https:\/\/latvijasfoto.lv\/direktoriju\/wp-content\/uploads\/2021\/11\/Nikon_Z_24-120_F4.jpg\",\"contentUrl\":\"https:\/\/latvijasfoto.lv\/direktoriju\/wp-content\/uploads\/2021\/11\/Nikon_Z_24-120_F4.jpg\",\"width\":600,\"height\":397,\"caption\":\"Nikon-Nikkor-Z-24-120mm-f-4-S-objektiiv\"},{\"@type\":\"WebPage\",\"@id\":\"https:\/\/latvijasfoto.lv\/direktoriju\/toode\/nikkor-z-24-120-mm-f-4-s\/#webpage\",\"url\":\"https:\/\/latvijasfoto.lv\/direktoriju\/toode\/nikkor-z-24-120-mm-f-4-s\/\",\"name\":\"NIKKOR Z 24\\u2014120 mm f\/4 S - Latvijas Foto\",\"isPartOf\":{\"@id\":\"https:\/\/latvijasfoto.lv\/direktoriju\/#website\"},\"primaryImageOfPage\":{\"@id\":\"https:\/\/latvijasfoto.lv\/direktoriju\/toode\/nikkor-z-24-120-mm-f-4-s\/#primaryimage\"},\"datePublished\":\"2021-11-05T17:11:18+00:00\",\"dateModified\":\"2024-06-30T11:29:56+00:00\",\"description\":\"Tas ir apr\\u012bkots ar past\\u0101v\\u012bgu f\/4 maksim\\u0101lo atv\\u0113rumu un ir paredz\\u0113ts kontrol\\u0113tai, rado\\u0161ai fotograf\\u0113\\u0161anai, kas sniedz satrieco\\u0161as deta\\u013cas.\",\"breadcrumb\":{\"@id\":\"https:\/\/latvijasfoto.lv\/direktoriju\/toode\/nikkor-z-24-120-mm-f-4-s\/#breadcrumb\"},\"inLanguage\":\"et\",\"potentialAction\":[{\"@type\":\"ReadAction\",\"target\":[\"https:\/\/latvijasfoto.lv\/direktoriju\/toode\/nikkor-z-24-120-mm-f-4-s\/\"]}]},{\"@type\":\"BreadcrumbList\",\"@id\":\"https:\/\/latvijasfoto.lv\/direktoriju\/toode\/nikkor-z-24-120-mm-f-4-s\/#breadcrumb\",\"itemListElement\":[{\"@type\":\"ListItem\",\"position\":1,\"name\":\"Home\",\"item\":\"https:\/\/latvijasfoto.lv\/direktoriju\/\"},{\"@type\":\"ListItem\",\"position\":2,\"name\":\"Pood\",\"item\":\"https:\/\/latvijasfoto.lv\/direktoriju\/pood\/\"},{\"@type\":\"ListItem\",\"position\":3,\"name\":\"NIKKOR Z 24\\u2014120 mm f\/4 S\"}]}]}<\/script>\n<!-- \/ Yoast SEO Premium plugin. -->","yoast_head_json":{"description":"Tas ir apr\u012bkots ar past\u0101v\u012bgu f\/4 maksim\u0101lo atv\u0113rumu un ir paredz\u0113ts kontrol\u0113tai, rado\u0161ai fotograf\u0113\u0161anai, kas sniedz satrieco\u0161as deta\u013cas.","robots":{"index":"index","follow":"follow","max-snippet":"max-snippet:-1","max-image-preview":"max-image-preview:large","max-video-preview":"max-video-preview:-1"},"canonical":"https:\/\/latvijasfoto.lv\/direktoriju\/toode\/nikkor-z-24-120-mm-f-4-s\/","og_locale":"et_EE","og_type":"article","og_title":"NIKKOR Z 24\u2014120 mm f\/4 S","og_description":"Tas ir apr\u012bkots ar past\u0101v\u012bgu f\/4 maksim\u0101lo atv\u0113rumu un ir paredz\u0113ts kontrol\u0113tai, rado\u0161ai fotograf\u0113\u0161anai, kas sniedz satrieco\u0161as deta\u013cas.","og_url":"https:\/\/latvijasfoto.lv\/direktoriju\/toode\/nikkor-z-24-120-mm-f-4-s\/","og_site_name":"Latvijas Foto","article_modified_time":"2024-06-30T11:29:56+00:00","og_image":[{"width":600,"height":397,"url":"https:\/\/latvijasfoto.lv\/direktoriju\/wp-content\/uploads\/2021\/11\/Nikon_Z_24-120_F4.jpg","type":"image\/jpeg"}],"twitter_card":"summary_large_image","twitter_misc":{"Est. reading time":"1 minut"},"schema":{"@context":"https:\/\/schema.org","@graph":[{"@type":"WebSite","@id":"https:\/\/latvijasfoto.lv\/direktoriju\/#website","url":"https:\/\/latvijasfoto.lv\/direktoriju\/","name":"Latvijas Foto","description":"Fotogr\u0101fijas t\u0113mas","potentialAction":[{"@type":"SearchAction","target":{"@type":"EntryPoint","urlTemplate":"https:\/\/latvijasfoto.lv\/direktoriju\/?s={search_term_string}"},"query-input":"required name=search_term_string"}],"inLanguage":"et"},{"@type":"ImageObject","@id":"https:\/\/latvijasfoto.lv\/direktoriju\/toode\/nikkor-z-24-120-mm-f-4-s\/#primaryimage","inLanguage":"et","url":"https:\/\/latvijasfoto.lv\/direktoriju\/wp-content\/uploads\/2021\/11\/Nikon_Z_24-120_F4.jpg","contentUrl":"https:\/\/latvijasfoto.lv\/direktoriju\/wp-content\/uploads\/2021\/11\/Nikon_Z_24-120_F4.jpg","width":600,"height":397,"caption":"Nikon-Nikkor-Z-24-120mm-f-4-S-objektiiv"},{"@type":"WebPage","@id":"https:\/\/latvijasfoto.lv\/direktoriju\/toode\/nikkor-z-24-120-mm-f-4-s\/#webpage","url":"https:\/\/latvijasfoto.lv\/direktoriju\/toode\/nikkor-z-24-120-mm-f-4-s\/","name":"NIKKOR Z 24\u2014120 mm f\/4 S - Latvijas Foto","isPartOf":{"@id":"https:\/\/latvijasfoto.lv\/direktoriju\/#website"},"primaryImageOfPage":{"@id":"https:\/\/latvijasfoto.lv\/direktoriju\/toode\/nikkor-z-24-120-mm-f-4-s\/#primaryimage"},"datePublished":"2021-11-05T17:11:18+00:00","dateModified":"2024-06-30T11:29:56+00:00","description":"Tas ir apr\u012bkots ar past\u0101v\u012bgu f\/4 maksim\u0101lo atv\u0113rumu un ir paredz\u0113ts kontrol\u0113tai, rado\u0161ai fotograf\u0113\u0161anai, kas sniedz satrieco\u0161as deta\u013cas.","breadcrumb":{"@id":"https:\/\/latvijasfoto.lv\/direktoriju\/toode\/nikkor-z-24-120-mm-f-4-s\/#breadcrumb"},"inLanguage":"et","potentialAction":[{"@type":"ReadAction","target":["https:\/\/latvijasfoto.lv\/direktoriju\/toode\/nikkor-z-24-120-mm-f-4-s\/"]}]},{"@type":"BreadcrumbList","@id":"https:\/\/latvijasfoto.lv\/direktoriju\/toode\/nikkor-z-24-120-mm-f-4-s\/#breadcrumb","itemListElement":[{"@type":"ListItem","position":1,"name":"Home","item":"https:\/\/latvijasfoto.lv\/direktoriju\/"},{"@type":"ListItem","position":2,"name":"Pood","item":"https:\/\/latvijasfoto.lv\/direktoriju\/pood\/"},{"@type":"ListItem","position":3,"name":"NIKKOR Z 24\u2014120 mm f\/4 S"}]}]}},"_links":{"self":[{"href":"https:\/\/latvijasfoto.lv\/direktoriju\/wp-json\/wp\/v2\/product\/259","targetHints":{"allow":["GET"]}}],"collection":[{"href":"https:\/\/latvijasfoto.lv\/direktoriju\/wp-json\/wp\/v2\/product"}],"about":[{"href":"https:\/\/latvijasfoto.lv\/direktoriju\/wp-json\/wp\/v2\/types\/product"}],"replies":[{"embeddable":true,"href":"https:\/\/latvijasfoto.lv\/direktoriju\/wp-json\/wp\/v2\/comments?post=259"}],"wp:featuredmedia":[{"embeddable":true,"href":"https:\/\/latvijasfoto.lv\/direktoriju\/wp-json\/wp\/v2\/media\/256"}],"wp:attachment":[{"href":"https:\/\/latvijasfoto.lv\/direktoriju\/wp-json\/wp\/v2\/media?parent=259"}],"wp:term":[{"taxonomy":"product_cat","embeddable":true,"href":"https:\/\/latvijasfoto.lv\/direktoriju\/wp-json\/wp\/v2\/product_cat?post=259"},{"taxonomy":"product_tag","embeddable":true,"href":"https:\/\/latvijasfoto.lv\/direktoriju\/wp-json\/wp\/v2\/product_tag?post=259"}],"curies":[{"name":"wp","href":"https:\/\/api.w.org\/{rel}","templated":true}]}}